{"id":207,"date":"2020-02-25T19:41:38","date_gmt":"2020-02-26T01:41:38","guid":{"rendered":"http:\/\/tecadesarrollos.com\/kentro\/?page_id=207"},"modified":"2024-11-08T13:12:04","modified_gmt":"2024-11-08T19:12:04","slug":"contacto","status":"publish","type":"page","link":"https:\/\/tecadesarrollos.com\/kentro\/contacto\/","title":{"rendered":"Contacto"},"content":{"rendered":"\n<div class=\"wp-block-cover has-background-dim\" style=\"background-image:url(https:\/\/tecadesarrollos.com\/kentro\/wp-content\/uploads\/sites\/5\/2020\/02\/kentro-townhouses.jpg)\"><div class=\"wp-block-cover__inner-container is-layout-flow wp-block-cover-is-layout-flow\">\n<h1 class=\"has-text-align-center h1 wp-block-heading\">Cont\u00e1ctanos<\/h1>\n\n\n\n<p class=\"has-text-align-center h5\">Solicita m\u00e1s informaci\u00f3n o agenda un recorrido por Kentro<\/p>\n<\/div><\/div>\n\n\n\n<div class=\"wp-block-group seccion\"><div class=\"wp-block-group__inner-container is-layout-flow wp-block-group-is-layout-flow\">\n<div class=\"wp-block-group container\"><div class=\"wp-block-group__inner-container is-layout-flow wp-block-group-is-layout-flow\">\n<div class=\"wp-block-columns is-layout-flex wp-container-core-columns-is-layout-9d6595d7 wp-block-columns-is-layout-flex\">\n<div class=\"wp-block-column is-layout-flow wp-block-column-is-layout-flow\">\n<div class=\"wp-block-image\"><figure class=\"aligncenter size-large\"><img loading=\"lazy\" decoding=\"async\" width=\"104\" height=\"83\" src=\"https:\/\/tecadesarrollos.com\/kentro\/wp-content\/uploads\/sites\/5\/2020\/02\/logo.png\" alt=\"\" class=\"wp-image-210\"\/><\/figure><\/div>\n\n\n\n<p class=\"has-text-align-center\"><span style=\"color:#ad9f94\" class=\"has-inline-color\">DIRECCI\u00d3N<\/span><br>Calle 11 x 18 y 22 n\u00fam. 245<br>Plaza de la Construcci\u00f3n, local 28<br>Santa Gertrudis Cop\u00f3, 97305<br>M\u00e9rida, Yucat\u00e1n, M\u00e9xico<br><br><span style=\"color:#ad9f94\" class=\"has-inline-color\">TEL\u00c9FONO DE VENTAS<\/span><br>Tel. (999) 481 1321<br>Cel. (999) 323 6755<br><br><span style=\"color:#ad9f94\" class=\"has-inline-color\">CORREO<\/span><br>info@tecadesarrollos.com<\/p>\n<\/div>\n\n\n\n<div class=\"wp-block-column is-layout-flow wp-block-column-is-layout-flow\">\n<h2 class=\"has-text-align-center h3 wp-block-heading\">\u00bfQuieres que nos pongamos en contacto contigo?<\/h2>\n\n\n\n<p class=\"has-text-align-center\">Rellena el formulario y uno de nuestros asesores se pondr\u00e1 en contacto contigo.<\/p>\n\n\n\n<div style=\"background-color: #241f20; padding: 2.4rem 1.2rem; border-radius:4px; box-shadow: 0 14px 28px rgba(0, 0, 0, 0.25), 0 10px 10px rgba(0, 0, 0, 0.22);\">\n<!--[if lte IE 8]>\n<script charset=\"utf-8\" type=\"text\/javascript\" src=\"\/\/js.hsforms.net\/forms\/v2-legacy.js\"><\/script>\n<![endif]-->\n<script charset=\"utf-8\" type=\"text\/javascript\" src=\"\/\/js.hsforms.net\/forms\/v2.js\"><\/script>\n<script>\n  hbspt.forms.create({\n\tportalId: \"4016867\",\n\tformId: \"f2926fd6-4c0a-4b56-9ae4-4c751aba0b63\"\n});\n<\/script>\n<\/div>\n<\/div>\n<\/div>\n<\/div><\/div>\n<\/div><\/div>\n","protected":false},"excerpt":{"rendered":"<p>DIRECCI\u00d3NCalle 11 x 18 y 22 n\u00fam. 245Plaza de la Construcci\u00f3n, local 28Santa Gertrudis Cop\u00f3, 97305M\u00e9rida, Yucat\u00e1n, M\u00e9xico TEL\u00c9FONO DE VENTASTel. (999) 481 1321Cel. (999) 323 6755 CORREOinfo@tecadesarrollos.com \u00bfQuieres que nos pongamos en contacto contigo? Rellena el formulario y uno de nuestros asesores se pondr\u00e1 en contacto contigo.<\/p>\n","protected":false},"author":1,"featured_media":0,"parent":0,"menu_order":0,"comment_status":"closed","ping_status":"closed","template":"","meta":{"_uag_custom_page_level_css":"","_joinchat":[],"footnotes":"","_links_to":"","_links_to_target":""},"class_list":["post-207","page","type-page","status-publish","hentry"],"yoast_head":"<!-- This site is optimized with the Yoast SEO plugin v25.4 - https:\/\/yoast.com\/wordpress\/plugins\/seo\/ -->\n<title>Contacto - Kentro<\/title>\n<meta name=\"description\" content=\"Ponte en contacto con nosotros para conocer m\u00e1s productos desarrollados por Teca Desarrollos, como Kentro towhouses.\" \/>\n<meta name=\"robots\" content=\"index, follow, max-snippet:-1, max-image-preview:large, max-video-preview:-1\" \/>\n<link rel=\"canonical\" href=\"https:\/\/tecadesarrollos.com\/kentro\/contacto\/\" \/>\n<meta property=\"og:locale\" content=\"es_MX\" \/>\n<meta property=\"og:type\" content=\"article\" \/>\n<meta property=\"og:title\" content=\"Contacto - Kentro\" \/>\n<meta property=\"og:description\" content=\"Ponte en contacto con nosotros para conocer m\u00e1s productos desarrollados por Teca Desarrollos, como Kentro towhouses.\" \/>\n<meta property=\"og:url\" content=\"https:\/\/tecadesarrollos.com\/kentro\/contacto\/\" \/>\n<meta property=\"og:site_name\" content=\"Kentro\" \/>\n<meta property=\"article:modified_time\" content=\"2024-11-08T19:12:04+00:00\" \/>\n<meta property=\"og:image\" content=\"https:\/\/tecadesarrollos.com\/kentro\/wp-content\/uploads\/sites\/5\/2020\/02\/logo.png\" \/>\n<meta name=\"twitter:card\" content=\"summary_large_image\" \/>\n<meta name=\"twitter:label1\" content=\"Tiempo de lectura\" \/>\n\t<meta name=\"twitter:data1\" content=\"1 minuto\" \/>\n<script type=\"application\/ld+json\" class=\"yoast-schema-graph\">{\"@context\":\"https:\/\/schema.org\",\"@graph\":[{\"@type\":\"WebPage\",\"@id\":\"https:\/\/tecadesarrollos.com\/kentro\/contacto\/\",\"url\":\"https:\/\/tecadesarrollos.com\/kentro\/contacto\/\",\"name\":\"Contacto - Kentro\",\"isPartOf\":{\"@id\":\"https:\/\/tecadesarrollos.com\/kentro\/#website\"},\"primaryImageOfPage\":{\"@id\":\"https:\/\/tecadesarrollos.com\/kentro\/contacto\/#primaryimage\"},\"image\":{\"@id\":\"https:\/\/tecadesarrollos.com\/kentro\/contacto\/#primaryimage\"},\"thumbnailUrl\":\"https:\/\/tecadesarrollos.com\/kentro\/wp-content\/uploads\/sites\/5\/2020\/02\/logo.png\",\"datePublished\":\"2020-02-26T01:41:38+00:00\",\"dateModified\":\"2024-11-08T19:12:04+00:00\",\"description\":\"Ponte en contacto con nosotros para conocer m\u00e1s productos desarrollados por Teca Desarrollos, como Kentro towhouses.\",\"breadcrumb\":{\"@id\":\"https:\/\/tecadesarrollos.com\/kentro\/contacto\/#breadcrumb\"},\"inLanguage\":\"es\",\"potentialAction\":[{\"@type\":\"ReadAction\",\"target\":[\"https:\/\/tecadesarrollos.com\/kentro\/contacto\/\"]}]},{\"@type\":\"ImageObject\",\"inLanguage\":\"es\",\"@id\":\"https:\/\/tecadesarrollos.com\/kentro\/contacto\/#primaryimage\",\"url\":\"https:\/\/tecadesarrollos.com\/kentro\/wp-content\/uploads\/sites\/5\/2020\/02\/logo.png\",\"contentUrl\":\"https:\/\/tecadesarrollos.com\/kentro\/wp-content\/uploads\/sites\/5\/2020\/02\/logo.png\",\"width\":104,\"height\":83},{\"@type\":\"BreadcrumbList\",\"@id\":\"https:\/\/tecadesarrollos.com\/kentro\/contacto\/#breadcrumb\",\"itemListElement\":[{\"@type\":\"ListItem\",\"position\":1,\"name\":\"Inicio\",\"item\":\"https:\/\/tecadesarrollos.com\/kentro\/\"},{\"@type\":\"ListItem\",\"position\":2,\"name\":\"Contacto\"}]},{\"@type\":\"WebSite\",\"@id\":\"https:\/\/tecadesarrollos.com\/kentro\/#website\",\"url\":\"https:\/\/tecadesarrollos.com\/kentro\/\",\"name\":\"Kentro\",\"description\":\"Townhouses en Montes de Am\u00e9, M\u00e9rida\",\"potentialAction\":[{\"@type\":\"SearchAction\",\"target\":{\"@type\":\"EntryPoint\",\"urlTemplate\":\"https:\/\/tecadesarrollos.com\/kentro\/?s={search_term_string}\"},\"query-input\":{\"@type\":\"PropertyValueSpecification\",\"valueRequired\":true,\"valueName\":\"search_term_string\"}}],\"inLanguage\":\"es\"}]}<\/script>\n<!-- \/ Yoast SEO plugin. -->","yoast_head_json":{"title":"Contacto - Kentro","description":"Ponte en contacto con nosotros para conocer m\u00e1s productos desarrollados por Teca Desarrollos, como Kentro towhouses.","robots":{"index":"index","follow":"follow","max-snippet":"max-snippet:-1","max-image-preview":"max-image-preview:large","max-video-preview":"max-video-preview:-1"},"canonical":"https:\/\/tecadesarrollos.com\/kentro\/contacto\/","og_locale":"es_MX","og_type":"article","og_title":"Contacto - Kentro","og_description":"Ponte en contacto con nosotros para conocer m\u00e1s productos desarrollados por Teca Desarrollos, como Kentro towhouses.","og_url":"https:\/\/tecadesarrollos.com\/kentro\/contacto\/","og_site_name":"Kentro","article_modified_time":"2024-11-08T19:12:04+00:00","og_image":[{"url":"https:\/\/tecadesarrollos.com\/kentro\/wp-content\/uploads\/sites\/5\/2020\/02\/logo.png","type":"","width":"","height":""}],"twitter_card":"summary_large_image","twitter_misc":{"Tiempo de lectura":"1 minuto"},"schema":{"@context":"https:\/\/schema.org","@graph":[{"@type":"WebPage","@id":"https:\/\/tecadesarrollos.com\/kentro\/contacto\/","url":"https:\/\/tecadesarrollos.com\/kentro\/contacto\/","name":"Contacto - Kentro","isPartOf":{"@id":"https:\/\/tecadesarrollos.com\/kentro\/#website"},"primaryImageOfPage":{"@id":"https:\/\/tecadesarrollos.com\/kentro\/contacto\/#primaryimage"},"image":{"@id":"https:\/\/tecadesarrollos.com\/kentro\/contacto\/#primaryimage"},"thumbnailUrl":"https:\/\/tecadesarrollos.com\/kentro\/wp-content\/uploads\/sites\/5\/2020\/02\/logo.png","datePublished":"2020-02-26T01:41:38+00:00","dateModified":"2024-11-08T19:12:04+00:00","description":"Ponte en contacto con nosotros para conocer m\u00e1s productos desarrollados por Teca Desarrollos, como Kentro towhouses.","breadcrumb":{"@id":"https:\/\/tecadesarrollos.com\/kentro\/contacto\/#breadcrumb"},"inLanguage":"es","potentialAction":[{"@type":"ReadAction","target":["https:\/\/tecadesarrollos.com\/kentro\/contacto\/"]}]},{"@type":"ImageObject","inLanguage":"es","@id":"https:\/\/tecadesarrollos.com\/kentro\/contacto\/#primaryimage","url":"https:\/\/tecadesarrollos.com\/kentro\/wp-content\/uploads\/sites\/5\/2020\/02\/logo.png","contentUrl":"https:\/\/tecadesarrollos.com\/kentro\/wp-content\/uploads\/sites\/5\/2020\/02\/logo.png","width":104,"height":83},{"@type":"BreadcrumbList","@id":"https:\/\/tecadesarrollos.com\/kentro\/contacto\/#breadcrumb","itemListElement":[{"@type":"ListItem","position":1,"name":"Inicio","item":"https:\/\/tecadesarrollos.com\/kentro\/"},{"@type":"ListItem","position":2,"name":"Contacto"}]},{"@type":"WebSite","@id":"https:\/\/tecadesarrollos.com\/kentro\/#website","url":"https:\/\/tecadesarrollos.com\/kentro\/","name":"Kentro","description":"Townhouses en Montes de Am\u00e9, M\u00e9rida","potentialAction":[{"@type":"SearchAction","target":{"@type":"EntryPoint","urlTemplate":"https:\/\/tecadesarrollos.com\/kentro\/?s={search_term_string}"},"query-input":{"@type":"PropertyValueSpecification","valueRequired":true,"valueName":"search_term_string"}}],"inLanguage":"es"}]}},"uagb_featured_image_src":{"full":false,"thumbnail":false,"medium":false,"medium_large":false,"large":false,"1536x1536":false,"2048x2048":false},"uagb_author_info":{"display_name":"inboundmetrica","author_link":"https:\/\/tecadesarrollos.com\/kentro\/author\/inboundmetrica\/"},"uagb_comment_info":0,"uagb_excerpt":"DIRECCI\u00d3NCalle 11 x 18 y 22 n\u00fam. 245Plaza de la Construcci\u00f3n, local 28Santa Gertrudis Cop\u00f3, 97305M\u00e9rida, Yucat\u00e1n, M\u00e9xico TEL\u00c9FONO DE VENTASTel. (999) 481 1321Cel. (999) 323 6755 CORREOinfo@tecadesarrollos.com \u00bfQuieres que nos pongamos en contacto contigo? Rellena el formulario y uno de nuestros asesores se pondr\u00e1 en contacto contigo.","_links":{"self":[{"href":"https:\/\/tecadesarrollos.com\/kentro\/wp-json\/wp\/v2\/pages\/207","targetHints":{"allow":["GET"]}}],"collection":[{"href":"https:\/\/tecadesarrollos.com\/kentro\/wp-json\/wp\/v2\/pages"}],"about":[{"href":"https:\/\/tecadesarrollos.com\/kentro\/wp-json\/wp\/v2\/types\/page"}],"author":[{"embeddable":true,"href":"https:\/\/tecadesarrollos.com\/kentro\/wp-json\/wp\/v2\/users\/1"}],"replies":[{"embeddable":true,"href":"https:\/\/tecadesarrollos.com\/kentro\/wp-json\/wp\/v2\/comments?post=207"}],"version-history":[{"count":11,"href":"https:\/\/tecadesarrollos.com\/kentro\/wp-json\/wp\/v2\/pages\/207\/revisions"}],"predecessor-version":[{"id":240,"href":"https:\/\/tecadesarrollos.com\/kentro\/wp-json\/wp\/v2\/pages\/207\/revisions\/240"}],"wp:attachment":[{"href":"https:\/\/tecadesarrollos.com\/kentro\/wp-json\/wp\/v2\/media?parent=207"}],"curies":[{"name":"wp","href":"https:\/\/api.w.org\/{rel}","templated":true}]}}