{"id":40,"date":"2020-02-25T12:59:49","date_gmt":"2020-02-25T18:59:49","guid":{"rendered":"http:\/\/tecadesarrollos.com\/kentro\/?page_id=40"},"modified":"2024-11-08T13:19:35","modified_gmt":"2024-11-08T19:19:35","slug":"galeria","status":"publish","type":"page","link":"https:\/\/tecadesarrollos.com\/kentro\/galeria\/","title":{"rendered":"Galer\u00eda"},"content":{"rendered":"\n<div class=\"wp-block-cover is-light\"><span aria-hidden=\"true\" class=\"wp-block-cover__background has-background-dim\"><\/span><img loading=\"lazy\" decoding=\"async\" width=\"1296\" height=\"864\" class=\"wp-block-cover__image-background wp-image-14\" src=\"https:\/\/tecadesarrollos.com\/kentro\/wp-content\/uploads\/sites\/5\/2020\/02\/kentro-detalles.jpg\" data-object-fit=\"cover\" srcset=\"https:\/\/tecadesarrollos.com\/kentro\/wp-content\/uploads\/sites\/5\/2020\/02\/kentro-detalles.jpg 1296w, https:\/\/tecadesarrollos.com\/kentro\/wp-content\/uploads\/sites\/5\/2020\/02\/kentro-detalles-300x200.jpg 300w, https:\/\/tecadesarrollos.com\/kentro\/wp-content\/uploads\/sites\/5\/2020\/02\/kentro-detalles-1024x683.jpg 1024w, https:\/\/tecadesarrollos.com\/kentro\/wp-content\/uploads\/sites\/5\/2020\/02\/kentro-detalles-768x512.jpg 768w\" sizes=\"auto, (max-width: 1296px) 100vw, 1296px\" \/><div class=\"wp-block-cover__inner-container is-layout-flow wp-block-cover-is-layout-flow\">\n<h2 class=\"wp-block-heading has-text-align-center h1\">Galer\u00eda y Tour 360\u00ba<\/h2>\n\n\n\n<p class=\"has-text-align-center h5\">\u00a1Vive cerca de todo!<\/p>\n<\/div><\/div>\n\n\n\n<div class=\"wp-block-group seccion\"><div class=\"wp-block-group__inner-container is-layout-flow wp-block-group-is-layout-flow\">\n<div class=\"wp-block-group container\"><div class=\"wp-block-group__inner-container is-layout-flow wp-block-group-is-layout-flow\">\n<h2 class=\"wp-block-heading has-text-align-center h2\">Descubre Kentro<\/h2>\n\n\n\n<p class=\"has-text-align-center u-max-width--sm u-centrar\">Con un dise\u00f1o arquitect\u00f3nico innovador, especial para personas que gustan de un estilo de vida \u00fanico y diferente, tendr\u00e1s todo lo que necesitan al alcance de sus manos.<\/p>\n\n\n\n<figure class=\"wp-block-gallery has-nested-images columns-3 is-cropped wp-block-gallery-1 is-layout-flex wp-block-gallery-is-layout-flex\">\n<figure class=\"wp-block-image size-large\"><a href=\"https:\/\/tecadesarrollos.com\/kentro\/wp-content\/uploads\/sites\/5\/2020\/02\/kentro-entrada.jpg\"><img loading=\"lazy\" decoding=\"async\" width=\"1024\" height=\"683\" data-id=\"17\" src=\"https:\/\/tecadesarrollos.com\/kentro\/wp-content\/uploads\/sites\/5\/2020\/02\/kentro-entrada-1024x683.jpg\" alt=\"Entrada\" class=\"wp-image-17\" srcset=\"https:\/\/tecadesarrollos.com\/kentro\/wp-content\/uploads\/sites\/5\/2020\/02\/kentro-entrada-1024x683.jpg 1024w, https:\/\/tecadesarrollos.com\/kentro\/wp-content\/uploads\/sites\/5\/2020\/02\/kentro-entrada-300x200.jpg 300w, https:\/\/tecadesarrollos.com\/kentro\/wp-content\/uploads\/sites\/5\/2020\/02\/kentro-entrada-768x512.jpg 768w, https:\/\/tecadesarrollos.com\/kentro\/wp-content\/uploads\/sites\/5\/2020\/02\/kentro-entrada.jpg 1296w\" sizes=\"auto, (max-width: 1024px) 100vw, 1024px\" \/><\/a><figcaption class=\"wp-element-caption\">Entrada<\/figcaption><\/figure>\n\n\n\n<figure class=\"wp-block-image size-large\"><a href=\"https:\/\/tecadesarrollos.com\/kentro\/wp-content\/uploads\/sites\/5\/2020\/02\/kentro-garages.jpg\"><img loading=\"lazy\" decoding=\"async\" width=\"1024\" height=\"683\" data-id=\"19\" src=\"https:\/\/tecadesarrollos.com\/kentro\/wp-content\/uploads\/sites\/5\/2020\/02\/kentro-garages-1024x683.jpg\" alt=\"\" class=\"wp-image-19\" srcset=\"https:\/\/tecadesarrollos.com\/kentro\/wp-content\/uploads\/sites\/5\/2020\/02\/kentro-garages-1024x683.jpg 1024w, https:\/\/tecadesarrollos.com\/kentro\/wp-content\/uploads\/sites\/5\/2020\/02\/kentro-garages-300x200.jpg 300w, https:\/\/tecadesarrollos.com\/kentro\/wp-content\/uploads\/sites\/5\/2020\/02\/kentro-garages-768x512.jpg 768w, https:\/\/tecadesarrollos.com\/kentro\/wp-content\/uploads\/sites\/5\/2020\/02\/kentro-garages.jpg 1296w\" sizes=\"auto, (max-width: 1024px) 100vw, 1024px\" \/><\/a><figcaption class=\"wp-element-caption\">Garage<\/figcaption><\/figure>\n\n\n\n<figure class=\"wp-block-image size-large\"><a href=\"https:\/\/tecadesarrollos.com\/kentro\/wp-content\/uploads\/sites\/5\/2020\/02\/kentro-interior.jpg\"><img loading=\"lazy\" decoding=\"async\" width=\"1024\" height=\"683\" data-id=\"20\" src=\"https:\/\/tecadesarrollos.com\/kentro\/wp-content\/uploads\/sites\/5\/2020\/02\/kentro-interior-1024x683.jpg\" alt=\"Interior\" class=\"wp-image-20\" srcset=\"https:\/\/tecadesarrollos.com\/kentro\/wp-content\/uploads\/sites\/5\/2020\/02\/kentro-interior-1024x683.jpg 1024w, https:\/\/tecadesarrollos.com\/kentro\/wp-content\/uploads\/sites\/5\/2020\/02\/kentro-interior-300x200.jpg 300w, https:\/\/tecadesarrollos.com\/kentro\/wp-content\/uploads\/sites\/5\/2020\/02\/kentro-interior-768x512.jpg 768w, https:\/\/tecadesarrollos.com\/kentro\/wp-content\/uploads\/sites\/5\/2020\/02\/kentro-interior.jpg 1296w\" sizes=\"auto, (max-width: 1024px) 100vw, 1024px\" \/><\/a><figcaption class=\"wp-element-caption\">Interior<\/figcaption><\/figure>\n\n\n\n<figure class=\"wp-block-image size-large\"><a href=\"https:\/\/tecadesarrollos.com\/kentro\/wp-content\/uploads\/sites\/5\/2020\/02\/kentro-planta-baja.jpg\"><img loading=\"lazy\" decoding=\"async\" width=\"1024\" height=\"683\" data-id=\"21\" src=\"https:\/\/tecadesarrollos.com\/kentro\/wp-content\/uploads\/sites\/5\/2020\/02\/kentro-planta-baja-1024x683.jpg\" alt=\"Planta Baja\" class=\"wp-image-21\" srcset=\"https:\/\/tecadesarrollos.com\/kentro\/wp-content\/uploads\/sites\/5\/2020\/02\/kentro-planta-baja-1024x683.jpg 1024w, https:\/\/tecadesarrollos.com\/kentro\/wp-content\/uploads\/sites\/5\/2020\/02\/kentro-planta-baja-300x200.jpg 300w, https:\/\/tecadesarrollos.com\/kentro\/wp-content\/uploads\/sites\/5\/2020\/02\/kentro-planta-baja-768x512.jpg 768w, https:\/\/tecadesarrollos.com\/kentro\/wp-content\/uploads\/sites\/5\/2020\/02\/kentro-planta-baja.jpg 1296w\" sizes=\"auto, (max-width: 1024px) 100vw, 1024px\" \/><\/a><figcaption class=\"wp-element-caption\">Planta Baja<\/figcaption><\/figure>\n\n\n\n<figure class=\"wp-block-image size-large\"><a href=\"https:\/\/tecadesarrollos.com\/kentro\/wp-content\/uploads\/sites\/5\/2020\/02\/kentro-comedor.jpg\"><img loading=\"lazy\" decoding=\"async\" width=\"1024\" height=\"683\" data-id=\"13\" src=\"https:\/\/tecadesarrollos.com\/kentro\/wp-content\/uploads\/sites\/5\/2020\/02\/kentro-comedor-1024x683.jpg\" alt=\"Comedor\" class=\"wp-image-13\" srcset=\"https:\/\/tecadesarrollos.com\/kentro\/wp-content\/uploads\/sites\/5\/2020\/02\/kentro-comedor-1024x683.jpg 1024w, https:\/\/tecadesarrollos.com\/kentro\/wp-content\/uploads\/sites\/5\/2020\/02\/kentro-comedor-300x200.jpg 300w, https:\/\/tecadesarrollos.com\/kentro\/wp-content\/uploads\/sites\/5\/2020\/02\/kentro-comedor-768x512.jpg 768w, https:\/\/tecadesarrollos.com\/kentro\/wp-content\/uploads\/sites\/5\/2020\/02\/kentro-comedor.jpg 1296w\" sizes=\"auto, (max-width: 1024px) 100vw, 1024px\" \/><\/a><figcaption class=\"wp-element-caption\">Comedor<\/figcaption><\/figure>\n\n\n\n<figure class=\"wp-block-image size-large\"><a href=\"https:\/\/tecadesarrollos.com\/kentro\/wp-content\/uploads\/sites\/5\/2020\/02\/kentro-vista-superior.jpg\"><img loading=\"lazy\" decoding=\"async\" width=\"1024\" height=\"683\" data-id=\"27\" src=\"https:\/\/tecadesarrollos.com\/kentro\/wp-content\/uploads\/sites\/5\/2020\/02\/kentro-vista-superior-1024x683.jpg\" alt=\"Vista superior\" class=\"wp-image-27\" srcset=\"https:\/\/tecadesarrollos.com\/kentro\/wp-content\/uploads\/sites\/5\/2020\/02\/kentro-vista-superior-1024x683.jpg 1024w, https:\/\/tecadesarrollos.com\/kentro\/wp-content\/uploads\/sites\/5\/2020\/02\/kentro-vista-superior-300x200.jpg 300w, https:\/\/tecadesarrollos.com\/kentro\/wp-content\/uploads\/sites\/5\/2020\/02\/kentro-vista-superior-768x512.jpg 768w, https:\/\/tecadesarrollos.com\/kentro\/wp-content\/uploads\/sites\/5\/2020\/02\/kentro-vista-superior.jpg 1296w\" sizes=\"auto, (max-width: 1024px) 100vw, 1024px\" \/><\/a><figcaption class=\"wp-element-caption\">Vista superior<\/figcaption><\/figure>\n\n\n\n<figure class=\"wp-block-image size-large\"><a href=\"https:\/\/tecadesarrollos.com\/kentro\/wp-content\/uploads\/sites\/5\/2020\/02\/kentro-barra.jpg\"><img loading=\"lazy\" decoding=\"async\" width=\"1024\" height=\"683\" data-id=\"10\" src=\"https:\/\/tecadesarrollos.com\/kentro\/wp-content\/uploads\/sites\/5\/2020\/02\/kentro-barra-1024x683.jpg\" alt=\"Barra\" class=\"wp-image-10\" srcset=\"https:\/\/tecadesarrollos.com\/kentro\/wp-content\/uploads\/sites\/5\/2020\/02\/kentro-barra-1024x683.jpg 1024w, https:\/\/tecadesarrollos.com\/kentro\/wp-content\/uploads\/sites\/5\/2020\/02\/kentro-barra-300x200.jpg 300w, https:\/\/tecadesarrollos.com\/kentro\/wp-content\/uploads\/sites\/5\/2020\/02\/kentro-barra-768x512.jpg 768w, https:\/\/tecadesarrollos.com\/kentro\/wp-content\/uploads\/sites\/5\/2020\/02\/kentro-barra.jpg 1296w\" sizes=\"auto, (max-width: 1024px) 100vw, 1024px\" \/><\/a><figcaption class=\"wp-element-caption\">Barra<\/figcaption><\/figure>\n\n\n\n<figure class=\"wp-block-image size-large\"><a href=\"https:\/\/tecadesarrollos.com\/kentro\/wp-content\/uploads\/sites\/5\/2020\/02\/kentro-cocina.jpg\"><img loading=\"lazy\" decoding=\"async\" width=\"1024\" height=\"683\" data-id=\"12\" src=\"https:\/\/tecadesarrollos.com\/kentro\/wp-content\/uploads\/sites\/5\/2020\/02\/kentro-cocina-1024x683.jpg\" alt=\"Cocina\" class=\"wp-image-12\" srcset=\"https:\/\/tecadesarrollos.com\/kentro\/wp-content\/uploads\/sites\/5\/2020\/02\/kentro-cocina-1024x683.jpg 1024w, https:\/\/tecadesarrollos.com\/kentro\/wp-content\/uploads\/sites\/5\/2020\/02\/kentro-cocina-300x200.jpg 300w, https:\/\/tecadesarrollos.com\/kentro\/wp-content\/uploads\/sites\/5\/2020\/02\/kentro-cocina-768x512.jpg 768w, https:\/\/tecadesarrollos.com\/kentro\/wp-content\/uploads\/sites\/5\/2020\/02\/kentro-cocina.jpg 1296w\" sizes=\"auto, (max-width: 1024px) 100vw, 1024px\" \/><\/a><figcaption class=\"wp-element-caption\">Cocina<\/figcaption><\/figure>\n\n\n\n<figure class=\"wp-block-image size-large\"><a href=\"https:\/\/tecadesarrollos.com\/kentro\/wp-content\/uploads\/sites\/5\/2020\/02\/kentro-detalles.jpg\"><img loading=\"lazy\" decoding=\"async\" width=\"1024\" height=\"683\" data-id=\"14\" src=\"https:\/\/tecadesarrollos.com\/kentro\/wp-content\/uploads\/sites\/5\/2020\/02\/kentro-detalles-1024x683.jpg\" alt=\"Recibidor\" class=\"wp-image-14\" srcset=\"https:\/\/tecadesarrollos.com\/kentro\/wp-content\/uploads\/sites\/5\/2020\/02\/kentro-detalles-1024x683.jpg 1024w, https:\/\/tecadesarrollos.com\/kentro\/wp-content\/uploads\/sites\/5\/2020\/02\/kentro-detalles-300x200.jpg 300w, https:\/\/tecadesarrollos.com\/kentro\/wp-content\/uploads\/sites\/5\/2020\/02\/kentro-detalles-768x512.jpg 768w, https:\/\/tecadesarrollos.com\/kentro\/wp-content\/uploads\/sites\/5\/2020\/02\/kentro-detalles.jpg 1296w\" sizes=\"auto, (max-width: 1024px) 100vw, 1024px\" \/><\/a><figcaption class=\"wp-element-caption\">Recibidor<\/figcaption><\/figure>\n\n\n\n<figure class=\"wp-block-image size-large\"><a href=\"https:\/\/tecadesarrollos.com\/kentro\/wp-content\/uploads\/sites\/5\/2020\/02\/kentro-escalera.jpg\"><img loading=\"lazy\" decoding=\"async\" width=\"683\" height=\"1024\" data-id=\"18\" src=\"https:\/\/tecadesarrollos.com\/kentro\/wp-content\/uploads\/sites\/5\/2020\/02\/kentro-escalera-683x1024.jpg\" alt=\"Escalera\" class=\"wp-image-18\" srcset=\"https:\/\/tecadesarrollos.com\/kentro\/wp-content\/uploads\/sites\/5\/2020\/02\/kentro-escalera-683x1024.jpg 683w, https:\/\/tecadesarrollos.com\/kentro\/wp-content\/uploads\/sites\/5\/2020\/02\/kentro-escalera-200x300.jpg 200w, https:\/\/tecadesarrollos.com\/kentro\/wp-content\/uploads\/sites\/5\/2020\/02\/kentro-escalera-768x1152.jpg 768w, https:\/\/tecadesarrollos.com\/kentro\/wp-content\/uploads\/sites\/5\/2020\/02\/kentro-escalera.jpg 864w\" sizes=\"auto, (max-width: 683px) 100vw, 683px\" \/><\/a><figcaption class=\"wp-element-caption\">Escalera<\/figcaption><\/figure>\n\n\n\n<figure class=\"wp-block-image size-large\"><a href=\"https:\/\/tecadesarrollos.com\/kentro\/wp-content\/uploads\/sites\/5\/2020\/02\/kentro-recamara.jpg\"><img loading=\"lazy\" decoding=\"async\" width=\"683\" height=\"1024\" data-id=\"23\" src=\"https:\/\/tecadesarrollos.com\/kentro\/wp-content\/uploads\/sites\/5\/2020\/02\/kentro-recamara-683x1024.jpg\" alt=\"Rec\u00e1mara\" class=\"wp-image-23\" srcset=\"https:\/\/tecadesarrollos.com\/kentro\/wp-content\/uploads\/sites\/5\/2020\/02\/kentro-recamara-683x1024.jpg 683w, https:\/\/tecadesarrollos.com\/kentro\/wp-content\/uploads\/sites\/5\/2020\/02\/kentro-recamara-200x300.jpg 200w, https:\/\/tecadesarrollos.com\/kentro\/wp-content\/uploads\/sites\/5\/2020\/02\/kentro-recamara-768x1152.jpg 768w, https:\/\/tecadesarrollos.com\/kentro\/wp-content\/uploads\/sites\/5\/2020\/02\/kentro-recamara.jpg 864w\" sizes=\"auto, (max-width: 683px) 100vw, 683px\" \/><\/a><figcaption class=\"wp-element-caption\">Rec\u00e1mara<\/figcaption><\/figure>\n\n\n\n<figure class=\"wp-block-image size-large\"><a href=\"https:\/\/tecadesarrollos.com\/kentro\/wp-content\/uploads\/sites\/5\/2020\/02\/kentro-bano.jpg\"><img loading=\"lazy\" decoding=\"async\" width=\"1024\" height=\"683\" data-id=\"9\" src=\"https:\/\/tecadesarrollos.com\/kentro\/wp-content\/uploads\/sites\/5\/2020\/02\/kentro-bano-1024x683.jpg\" alt=\"Ba\u00f1o\" class=\"wp-image-9\" srcset=\"https:\/\/tecadesarrollos.com\/kentro\/wp-content\/uploads\/sites\/5\/2020\/02\/kentro-bano-1024x683.jpg 1024w, https:\/\/tecadesarrollos.com\/kentro\/wp-content\/uploads\/sites\/5\/2020\/02\/kentro-bano-300x200.jpg 300w, https:\/\/tecadesarrollos.com\/kentro\/wp-content\/uploads\/sites\/5\/2020\/02\/kentro-bano-768x512.jpg 768w, https:\/\/tecadesarrollos.com\/kentro\/wp-content\/uploads\/sites\/5\/2020\/02\/kentro-bano.jpg 1296w\" sizes=\"auto, (max-width: 1024px) 100vw, 1024px\" \/><\/a><figcaption class=\"wp-element-caption\">Ba\u00f1o<\/figcaption><\/figure>\n<\/figure>\n<\/div><\/div>\n<\/div><\/div>\n\n\n\n<div class=\"wp-block-group seccion\"><div class=\"wp-block-group__inner-container is-layout-flow wp-block-group-is-layout-flow\">\n<h2 class=\"wp-block-heading has-text-align-center Tour 360\u00ba\">Tour 360\u00ba<\/h2>\n\n\n\n<iframe width=\"100%\" style=\"height:60vh\" allowfullscreen=\"\" src=\"https:\/\/tourmkr.com\/G1SG3YV3Ra\"><\/iframe>\n<\/div><\/div>\n\n\n\n<div class=\"wp-block-group has-text-color has-background seccion\" style=\"background-color:#241f20;color:#ffffff\"><div class=\"wp-block-group__inner-container is-layout-flow wp-block-group-is-layout-flow\">\n<div class=\"wp-block-group container\"><div class=\"wp-block-group__inner-container is-layout-flow wp-block-group-is-layout-flow\">\n<h2 class=\"has-text-align-center h2 wp-block-heading\">\u00bfQuieres conocer Kentro?<\/h2>\n\n\n\n<p class=\"has-text-align-center h5\">Solicita m\u00e1s informaci\u00f3n o agenda un recorrido por el desarrollo<\/p>\n\n\n\n<div style=\"text-align: center\">\n<a href=\"\/kentro\/contacto\" class=\"btn\">Agendar recorrido<\/a>\n<\/div>\n<\/div><\/div>\n<\/div><\/div>\n","protected":false},"excerpt":{"rendered":"<p>Descubre Kentro Con un dise\u00f1o arquitect\u00f3nico innovador, especial para personas que gustan de un estilo de vida \u00fanico y diferente, tendr\u00e1s todo lo que necesitan al alcance de sus manos. Tour 360\u00ba<\/p>\n","protected":false},"author":1,"featured_media":0,"parent":0,"menu_order":0,"comment_status":"closed","ping_status":"closed","template":"","meta":{"_uag_custom_page_level_css":"","_joinchat":[],"footnotes":"","_links_to":"","_links_to_target":""},"class_list":["post-40","page","type-page","status-publish","hentry"],"yoast_head":"<!-- This site is optimized with the Yoast SEO plugin v25.4 - https:\/\/yoast.com\/wordpress\/plugins\/seo\/ -->\n<title>Galer\u00eda - Kentro<\/title>\n<meta name=\"description\" content=\"Recorre Kentro. Haz una visita virtual por la galer\u00eda de fotos de los townhouses en M\u00e9rida de Teca Desarrollos.\" \/>\n<meta name=\"robots\" content=\"index, follow, max-snippet:-1, max-image-preview:large, max-video-preview:-1\" \/>\n<link rel=\"canonical\" href=\"https:\/\/tecadesarrollos.com\/kentro\/galeria\/\" \/>\n<meta property=\"og:locale\" content=\"es_MX\" \/>\n<meta property=\"og:type\" content=\"article\" \/>\n<meta property=\"og:title\" content=\"Galer\u00eda - Kentro\" \/>\n<meta property=\"og:description\" content=\"Recorre Kentro. Haz una visita virtual por la galer\u00eda de fotos de los townhouses en M\u00e9rida de Teca Desarrollos.\" \/>\n<meta property=\"og:url\" content=\"https:\/\/tecadesarrollos.com\/kentro\/galeria\/\" \/>\n<meta property=\"og:site_name\" content=\"Kentro\" \/>\n<meta property=\"article:modified_time\" content=\"2024-11-08T19:19:35+00:00\" \/>\n<meta property=\"og:image\" content=\"https:\/\/tecadesarrollos.com\/kentro\/wp-content\/uploads\/sites\/5\/2020\/02\/kentro-detalles.jpg\" \/>\n<meta name=\"twitter:card\" content=\"summary_large_image\" \/>\n<meta name=\"twitter:label1\" content=\"Tiempo de lectura\" \/>\n\t<meta name=\"twitter:data1\" content=\"3 minutos\" \/>\n<script type=\"application\/ld+json\" class=\"yoast-schema-graph\">{\"@context\":\"https:\/\/schema.org\",\"@graph\":[{\"@type\":\"WebPage\",\"@id\":\"https:\/\/tecadesarrollos.com\/kentro\/galeria\/\",\"url\":\"https:\/\/tecadesarrollos.com\/kentro\/galeria\/\",\"name\":\"Galer\u00eda - Kentro\",\"isPartOf\":{\"@id\":\"https:\/\/tecadesarrollos.com\/kentro\/#website\"},\"primaryImageOfPage\":{\"@id\":\"https:\/\/tecadesarrollos.com\/kentro\/galeria\/#primaryimage\"},\"image\":{\"@id\":\"https:\/\/tecadesarrollos.com\/kentro\/galeria\/#primaryimage\"},\"thumbnailUrl\":\"https:\/\/tecadesarrollos.com\/kentro\/wp-content\/uploads\/sites\/5\/2020\/02\/kentro-detalles.jpg\",\"datePublished\":\"2020-02-25T18:59:49+00:00\",\"dateModified\":\"2024-11-08T19:19:35+00:00\",\"description\":\"Recorre Kentro. Haz una visita virtual por la galer\u00eda de fotos de los townhouses en M\u00e9rida de Teca Desarrollos.\",\"breadcrumb\":{\"@id\":\"https:\/\/tecadesarrollos.com\/kentro\/galeria\/#breadcrumb\"},\"inLanguage\":\"es\",\"potentialAction\":[{\"@type\":\"ReadAction\",\"target\":[\"https:\/\/tecadesarrollos.com\/kentro\/galeria\/\"]}]},{\"@type\":\"ImageObject\",\"inLanguage\":\"es\",\"@id\":\"https:\/\/tecadesarrollos.com\/kentro\/galeria\/#primaryimage\",\"url\":\"https:\/\/tecadesarrollos.com\/kentro\/wp-content\/uploads\/sites\/5\/2020\/02\/kentro-detalles.jpg\",\"contentUrl\":\"https:\/\/tecadesarrollos.com\/kentro\/wp-content\/uploads\/sites\/5\/2020\/02\/kentro-detalles.jpg\"},{\"@type\":\"BreadcrumbList\",\"@id\":\"https:\/\/tecadesarrollos.com\/kentro\/galeria\/#breadcrumb\",\"itemListElement\":[{\"@type\":\"ListItem\",\"position\":1,\"name\":\"Inicio\",\"item\":\"https:\/\/tecadesarrollos.com\/kentro\/\"},{\"@type\":\"ListItem\",\"position\":2,\"name\":\"Galer\u00eda\"}]},{\"@type\":\"WebSite\",\"@id\":\"https:\/\/tecadesarrollos.com\/kentro\/#website\",\"url\":\"https:\/\/tecadesarrollos.com\/kentro\/\",\"name\":\"Kentro\",\"description\":\"Townhouses en Montes de Am\u00e9, M\u00e9rida\",\"potentialAction\":[{\"@type\":\"SearchAction\",\"target\":{\"@type\":\"EntryPoint\",\"urlTemplate\":\"https:\/\/tecadesarrollos.com\/kentro\/?s={search_term_string}\"},\"query-input\":{\"@type\":\"PropertyValueSpecification\",\"valueRequired\":true,\"valueName\":\"search_term_string\"}}],\"inLanguage\":\"es\"}]}<\/script>\n<!-- \/ Yoast SEO plugin. -->","yoast_head_json":{"title":"Galer\u00eda - Kentro","description":"Recorre Kentro. Haz una visita virtual por la galer\u00eda de fotos de los townhouses en M\u00e9rida de Teca Desarrollos.","robots":{"index":"index","follow":"follow","max-snippet":"max-snippet:-1","max-image-preview":"max-image-preview:large","max-video-preview":"max-video-preview:-1"},"canonical":"https:\/\/tecadesarrollos.com\/kentro\/galeria\/","og_locale":"es_MX","og_type":"article","og_title":"Galer\u00eda - Kentro","og_description":"Recorre Kentro. Haz una visita virtual por la galer\u00eda de fotos de los townhouses en M\u00e9rida de Teca Desarrollos.","og_url":"https:\/\/tecadesarrollos.com\/kentro\/galeria\/","og_site_name":"Kentro","article_modified_time":"2024-11-08T19:19:35+00:00","og_image":[{"url":"https:\/\/tecadesarrollos.com\/kentro\/wp-content\/uploads\/sites\/5\/2020\/02\/kentro-detalles.jpg","type":"","width":"","height":""}],"twitter_card":"summary_large_image","twitter_misc":{"Tiempo de lectura":"3 minutos"},"schema":{"@context":"https:\/\/schema.org","@graph":[{"@type":"WebPage","@id":"https:\/\/tecadesarrollos.com\/kentro\/galeria\/","url":"https:\/\/tecadesarrollos.com\/kentro\/galeria\/","name":"Galer\u00eda - Kentro","isPartOf":{"@id":"https:\/\/tecadesarrollos.com\/kentro\/#website"},"primaryImageOfPage":{"@id":"https:\/\/tecadesarrollos.com\/kentro\/galeria\/#primaryimage"},"image":{"@id":"https:\/\/tecadesarrollos.com\/kentro\/galeria\/#primaryimage"},"thumbnailUrl":"https:\/\/tecadesarrollos.com\/kentro\/wp-content\/uploads\/sites\/5\/2020\/02\/kentro-detalles.jpg","datePublished":"2020-02-25T18:59:49+00:00","dateModified":"2024-11-08T19:19:35+00:00","description":"Recorre Kentro. Haz una visita virtual por la galer\u00eda de fotos de los townhouses en M\u00e9rida de Teca Desarrollos.","breadcrumb":{"@id":"https:\/\/tecadesarrollos.com\/kentro\/galeria\/#breadcrumb"},"inLanguage":"es","potentialAction":[{"@type":"ReadAction","target":["https:\/\/tecadesarrollos.com\/kentro\/galeria\/"]}]},{"@type":"ImageObject","inLanguage":"es","@id":"https:\/\/tecadesarrollos.com\/kentro\/galeria\/#primaryimage","url":"https:\/\/tecadesarrollos.com\/kentro\/wp-content\/uploads\/sites\/5\/2020\/02\/kentro-detalles.jpg","contentUrl":"https:\/\/tecadesarrollos.com\/kentro\/wp-content\/uploads\/sites\/5\/2020\/02\/kentro-detalles.jpg"},{"@type":"BreadcrumbList","@id":"https:\/\/tecadesarrollos.com\/kentro\/galeria\/#breadcrumb","itemListElement":[{"@type":"ListItem","position":1,"name":"Inicio","item":"https:\/\/tecadesarrollos.com\/kentro\/"},{"@type":"ListItem","position":2,"name":"Galer\u00eda"}]},{"@type":"WebSite","@id":"https:\/\/tecadesarrollos.com\/kentro\/#website","url":"https:\/\/tecadesarrollos.com\/kentro\/","name":"Kentro","description":"Townhouses en Montes de Am\u00e9, M\u00e9rida","potentialAction":[{"@type":"SearchAction","target":{"@type":"EntryPoint","urlTemplate":"https:\/\/tecadesarrollos.com\/kentro\/?s={search_term_string}"},"query-input":{"@type":"PropertyValueSpecification","valueRequired":true,"valueName":"search_term_string"}}],"inLanguage":"es"}]}},"uagb_featured_image_src":{"full":false,"thumbnail":false,"medium":false,"medium_large":false,"large":false,"1536x1536":false,"2048x2048":false},"uagb_author_info":{"display_name":"inboundmetrica","author_link":"https:\/\/tecadesarrollos.com\/kentro\/author\/inboundmetrica\/"},"uagb_comment_info":0,"uagb_excerpt":"Descubre Kentro Con un dise\u00f1o arquitect\u00f3nico innovador, especial para personas que gustan de un estilo de vida \u00fanico y diferente, tendr\u00e1s todo lo que necesitan al alcance de sus manos. Tour 360\u00ba","_links":{"self":[{"href":"https:\/\/tecadesarrollos.com\/kentro\/wp-json\/wp\/v2\/pages\/40","targetHints":{"allow":["GET"]}}],"collection":[{"href":"https:\/\/tecadesarrollos.com\/kentro\/wp-json\/wp\/v2\/pages"}],"about":[{"href":"https:\/\/tecadesarrollos.com\/kentro\/wp-json\/wp\/v2\/types\/page"}],"author":[{"embeddable":true,"href":"https:\/\/tecadesarrollos.com\/kentro\/wp-json\/wp\/v2\/users\/1"}],"replies":[{"embeddable":true,"href":"https:\/\/tecadesarrollos.com\/kentro\/wp-json\/wp\/v2\/comments?post=40"}],"version-history":[{"count":17,"href":"https:\/\/tecadesarrollos.com\/kentro\/wp-json\/wp\/v2\/pages\/40\/revisions"}],"predecessor-version":[{"id":270,"href":"https:\/\/tecadesarrollos.com\/kentro\/wp-json\/wp\/v2\/pages\/40\/revisions\/270"}],"wp:attachment":[{"href":"https:\/\/tecadesarrollos.com\/kentro\/wp-json\/wp\/v2\/media?parent=40"}],"curies":[{"name":"wp","href":"https:\/\/api.w.org\/{rel}","templated":true}]}}