{"id":2,"date":"2020-03-09T21:06:50","date_gmt":"2020-03-09T21:06:50","guid":{"rendered":"http:\/\/tecadesarrollos.com\/mirova\/?page_id=2"},"modified":"2023-01-30T14:25:34","modified_gmt":"2023-01-30T20:25:34","slug":"pagina-ejemplo","status":"publish","type":"page","link":"https:\/\/tecadesarrollos.com\/mirova\/","title":{"rendered":"Inicio"},"content":{"rendered":"\n<div class=\"wp-block-cover is-light hero\"><span aria-hidden=\"true\" class=\"wp-block-cover__background has-background-dim\"><\/span><img loading=\"lazy\" decoding=\"async\" width=\"1504\" height=\"1000\" class=\"wp-block-cover__image-background wp-image-7\" src=\"https:\/\/tecadesarrollos.com\/mirova\/wp-content\/uploads\/sites\/6\/2020\/03\/hero.jpg\" data-object-fit=\"cover\" srcset=\"https:\/\/tecadesarrollos.com\/mirova\/wp-content\/uploads\/sites\/6\/2020\/03\/hero.jpg 1504w, https:\/\/tecadesarrollos.com\/mirova\/wp-content\/uploads\/sites\/6\/2020\/03\/hero-300x199.jpg 300w, https:\/\/tecadesarrollos.com\/mirova\/wp-content\/uploads\/sites\/6\/2020\/03\/hero-1024x681.jpg 1024w, https:\/\/tecadesarrollos.com\/mirova\/wp-content\/uploads\/sites\/6\/2020\/03\/hero-768x511.jpg 768w\" sizes=\"auto, (max-width: 1504px) 100vw, 1504px\" \/><div class=\"wp-block-cover__inner-container is-layout-flow wp-block-cover-is-layout-flow\">\n<div class=\"wp-block-group container\"><div class=\"wp-block-group__inner-container is-layout-flow wp-block-group-is-layout-flow\">\n<h2 class=\"big wp-block-heading\">Mirova <\/h2>\n\n\n\n<h2 class=\"h2 wp-block-heading\">Desarrollo 100% vendido<\/h2>\n\n\n\n<h2 class=\"u-uppercase h5 u-font-weight-400 wp-block-heading\">Terrenos residenciales en M\u00e9rida<\/h2>\n\n\n\n<p class=\"h5\"><strong>Lotes desde 500 m2<\/strong> totalmente listos para construir.<\/p>\n<\/div><\/div>\n<\/div><\/div>\n\n\n\n<div class=\"wp-block-group seccion\"><div class=\"wp-block-group__inner-container is-layout-flow wp-block-group-is-layout-flow\">\n<div class=\"wp-block-group container\"><div class=\"wp-block-group__inner-container is-layout-flow wp-block-group-is-layout-flow\">\n<h2 class=\"has-text-align-center h2 wp-block-heading\">Invierte en un lugar lleno de vida<\/h2>\n\n\n\n<p class=\"has-text-align-center h5\">Mirova es un lugar rodeado de vida, donde la naturaleza transforma tu inversi\u00f3n en un brillante futuro.<\/p>\n\n\n\n<p class=\"has-text-align-center h5\"><strong>Lotes desde 500 m2<\/strong><br><strong>Precios desde $1,490 pesos el metro cuadrado<\/strong><\/p>\n\n\n\n<p class=\"has-text-align-center h5\"><strong>TOTALMENTE LISTOS PARA CONSTRUIR<\/strong><\/p>\n<\/div><\/div>\n<\/div><\/div>\n\n\n\n<div class=\"wp-block-cover is-light has-parallax seccion\"><span aria-hidden=\"true\" class=\"wp-block-cover__background has-background-dim\"><\/span><div role=\"img\" class=\"wp-block-cover__image-background wp-image-56 has-parallax\" style=\"background-position:50% 50%;background-image:url(https:\/\/tecadesarrollos.com\/mirova\/wp-content\/uploads\/sites\/6\/2020\/03\/plantas.jpg)\"><\/div><div class=\"wp-block-cover__inner-container is-layout-flow wp-block-cover-is-layout-flow\">\n<div id=\"amenidades\" class=\"wp-block-group container\"><div class=\"wp-block-group__inner-container is-layout-flow wp-block-group-is-layout-flow\">\n<div class=\"wp-block-columns is-layout-flex wp-container-core-columns-is-layout-9d6595d7 wp-block-columns-is-layout-flex\">\n<div class=\"wp-block-column is-layout-flow wp-block-column-is-layout-flow\"><div class=\"wp-block-image\">\n<figure class=\"aligncenter size-large is-resized\"><img loading=\"lazy\" decoding=\"async\" src=\"https:\/\/tecadesarrollos.com\/mirova\/wp-content\/uploads\/sites\/6\/2020\/03\/plusvalia.png\" alt=\"\" class=\"wp-image-26\" width=\"144\" height=\"139\"\/><\/figure><\/div>\n\n\n<p class=\"has-text-align-center h5\">Alta plusval\u00eda<\/p>\n<\/div>\n\n\n\n<div class=\"wp-block-column is-layout-flow wp-block-column-is-layout-flow\"><div class=\"wp-block-image\">\n<figure class=\"aligncenter size-large is-resized\"><img loading=\"lazy\" decoding=\"async\" src=\"https:\/\/tecadesarrollos.com\/mirova\/wp-content\/uploads\/sites\/6\/2020\/03\/calles.png\" alt=\"\" class=\"wp-image-27\" width=\"160\" height=\"139\"\/><\/figure><\/div>\n\n\n<p class=\"has-text-align-center h5\">Calles pavimentadas y arboladas<\/p>\n<\/div>\n\n\n\n<div class=\"wp-block-column is-layout-flow wp-block-column-is-layout-flow\"><div class=\"wp-block-image\">\n<figure class=\"aligncenter size-large is-resized\"><img loading=\"lazy\" decoding=\"async\" src=\"https:\/\/tecadesarrollos.com\/mirova\/wp-content\/uploads\/sites\/6\/2020\/03\/energia-electrica.png\" alt=\"\" class=\"wp-image-28\" width=\"194\" height=\"140\"\/><\/figure><\/div>\n\n\n<p class=\"has-text-align-center h5\">Energ\u00eda el\u00e9ctrica a pie de lote<\/p>\n<\/div>\n<\/div>\n<\/div><\/div>\n\n\n\n<p><\/p>\n<\/div><\/div>\n\n\n\n<div id=\"master-plan\" class=\"wp-block-group seccion\"><div class=\"wp-block-group__inner-container is-layout-flow wp-block-group-is-layout-flow\">\n<div class=\"wp-block-group container\"><div class=\"wp-block-group__inner-container is-layout-flow wp-block-group-is-layout-flow\">\n<div class=\"wp-block-columns are-vertically-aligned-center is-layout-flex wp-container-core-columns-is-layout-9d6595d7 wp-block-columns-is-layout-flex\">\n<div class=\"wp-block-column is-vertically-aligned-center is-layout-flow wp-block-column-is-layout-flow\">\n<h2 class=\"h2 wp-block-heading\">Master Plan<\/h2>\n\n\n\n<ul class=\"wp-block-list\">\n<li>Lotes de 500 m2<\/li>\n\n\n\n<li>6 mensualidades sin intereses<\/li>\n\n\n\n<li>Precios desde $1,490 el m2<\/li>\n\n\n\n<li><strong>\u00daltimos lotes disponibles<\/strong><\/li>\n<\/ul>\n<\/div>\n\n\n\n<div class=\"wp-block-column is-vertically-aligned-center is-layout-flow wp-block-column-is-layout-flow\"><div class=\"wp-block-image\">\n<figure class=\"aligncenter size-large is-resized\"><img loading=\"lazy\" decoding=\"async\" src=\"https:\/\/tecadesarrollos.com\/mirova\/wp-content\/uploads\/sites\/6\/2020\/03\/master-plan-614x1024.jpg\" alt=\"\" class=\"wp-image-50\" width=\"307\" height=\"512\" srcset=\"https:\/\/tecadesarrollos.com\/mirova\/wp-content\/uploads\/sites\/6\/2020\/03\/master-plan-614x1024.jpg 614w, https:\/\/tecadesarrollos.com\/mirova\/wp-content\/uploads\/sites\/6\/2020\/03\/master-plan-180x300.jpg 180w, https:\/\/tecadesarrollos.com\/mirova\/wp-content\/uploads\/sites\/6\/2020\/03\/master-plan.jpg 630w\" sizes=\"auto, (max-width: 307px) 100vw, 307px\" \/><\/figure><\/div><\/div>\n<\/div>\n<\/div><\/div>\n<\/div><\/div>\n\n\n\n<div id=\"ubicacion\" class=\"wp-block-group seccion has-background\" style=\"background-color:#ad9f94\"><div class=\"wp-block-group__inner-container is-layout-flow wp-block-group-is-layout-flow\">\n<h2 class=\"has-text-align-center h2 wp-block-heading\">Ubicaci\u00f3n<\/h2>\n\n\n\n<p class=\"has-text-align-center u-max-width--md u-centrar\">Posee una ubicaci\u00f3n privilegiada, al encontrarse sobre avenida que conecta con uno de los fraccionamientos con mayor desarrollo de la zona conservando un alto nivel residencial.<\/p>\n\n\n\n<section>\n   <div id=\"mapa\" data-lat=\"21.0533978\" data-long=\"-89.6637322\" data-zoom=\"14\" data-address=\"Mirova Residencial\" data-color-terreno=\"#ad9f94\" data-color-texto=\"#004738\" class=\"contacto__mapa\"><\/div>\n<\/section>\n<\/div><\/div>\n\n\n\n<div id=\"contacto\" class=\"wp-block-group seccion\"><div class=\"wp-block-group__inner-container is-layout-flow wp-block-group-is-layout-flow\">\n<div class=\"wp-block-group container\"><div class=\"wp-block-group__inner-container is-layout-flow wp-block-group-is-layout-flow\">\n<div class=\"wp-block-columns is-layout-flex wp-container-core-columns-is-layout-9d6595d7 wp-block-columns-is-layout-flex\">\n<div class=\"wp-block-column is-layout-flow wp-block-column-is-layout-flow\"><div class=\"wp-block-image\">\n<figure class=\"aligncenter size-large\"><img loading=\"lazy\" decoding=\"async\" width=\"182\" height=\"120\" src=\"https:\/\/tecadesarrollos.com\/mirova\/wp-content\/uploads\/sites\/6\/2020\/03\/logo.png\" alt=\"\" class=\"wp-image-61\"\/><\/figure><\/div>\n\n\n<p class=\"has-text-align-center\"><span style=\"color:#004738\" class=\"has-inline-color\">TEL\u00c9FONO<\/span><br>Tel. (999) 481 1321<br><br><span style=\"color:#004738\" class=\"has-inline-color\">DIRECCI\u00d3N<\/span><br>Calle 11 x 18 y 22 n\u00fam. 245<br>\nPlaza de la Construcci\u00f3n, local 28<br>\nSanta Gertrudis Cop\u00f3, 97305<br>\nM\u00e9rida, Yucat\u00e1n, M\u00e9xico<br><br><span style=\"color:#004738\" class=\"has-inline-color\">CORREO<\/span><br>info@tecadesarrollos.com<\/p>\n<\/div>\n\n\n\n<div class=\"wp-block-column is-layout-flow wp-block-column-is-layout-flow\">\n<div class=\"wp-block-contact-form-7-contact-form-selector\">\n<div class=\"wpcf7 no-js\" id=\"wpcf7-f70-o1\" lang=\"es-MX\" dir=\"ltr\" data-wpcf7-id=\"70\">\n<div class=\"screen-reader-response\"><p role=\"status\" aria-live=\"polite\" aria-atomic=\"true\"><\/p> <ul><\/ul><\/div>\n<form action=\"\/mirova\/wp-json\/wp\/v2\/pages\/2#wpcf7-f70-o1\" method=\"post\" class=\"wpcf7-form init\" aria-label=\"Formulario de contacto\" novalidate=\"novalidate\" data-status=\"init\">\n<fieldset class=\"hidden-fields-container\"><input type=\"hidden\" name=\"_wpcf7\" value=\"70\" \/><input type=\"hidden\" name=\"_wpcf7_version\" value=\"6.1\" \/><input type=\"hidden\" name=\"_wpcf7_locale\" value=\"es_MX\" \/><input type=\"hidden\" name=\"_wpcf7_unit_tag\" value=\"wpcf7-f70-o1\" \/><input type=\"hidden\" name=\"_wpcf7_container_post\" value=\"0\" \/><input type=\"hidden\" name=\"_wpcf7_posted_data_hash\" value=\"\" \/>\n<\/fieldset>\n<div class=\"u-max-width--sm u-centrar reveal-on-scroll\">\n\t<p><label>Nombre <span class=\"ast\">*<\/span><br \/>\n<span class=\"wpcf7-form-control-wrap\" data-name=\"nombre\"><input size=\"40\" maxlength=\"400\" class=\"wpcf7-form-control wpcf7-text wpcf7-validates-as-required\" aria-required=\"true\" aria-invalid=\"false\" value=\"\" type=\"text\" name=\"nombre\" \/><\/span><\/label>\n\t<\/p>\n\t<p><label>Apellido <span class=\"ast\">*<\/span><br \/>\n<span class=\"wpcf7-form-control-wrap\" data-name=\"apellido\"><input size=\"40\" maxlength=\"400\" class=\"wpcf7-form-control wpcf7-text wpcf7-validates-as-required\" aria-required=\"true\" aria-invalid=\"false\" value=\"\" type=\"text\" name=\"apellido\" \/><\/span><\/label>\n\t<\/p>\n\t<p><label>Correo electr\u00f3nico<br \/>\n<span class=\"wpcf7-form-control-wrap\" data-name=\"your-email\"><input size=\"40\" maxlength=\"400\" class=\"wpcf7-form-control wpcf7-email wpcf7-validates-as-required wpcf7-text wpcf7-validates-as-email\" aria-required=\"true\" aria-invalid=\"false\" value=\"\" type=\"email\" name=\"your-email\" \/><\/span><\/label>\n\t<\/p>\n\t<p><label>Tel\u00e9fono <span class=\"ast\">*<\/span><br \/>\n<span class=\"wpcf7-form-control-wrap\" data-name=\"tel\"><input size=\"40\" maxlength=\"400\" class=\"wpcf7-form-control wpcf7-tel wpcf7-validates-as-required wpcf7-text wpcf7-validates-as-tel\" aria-required=\"true\" aria-invalid=\"false\" value=\"\" type=\"tel\" name=\"tel\" \/><\/span><\/label>\n\t<\/p>\n\t<p><label>Ciudad <span class=\"ast\">*<\/span><br \/>\n<span class=\"wpcf7-form-control-wrap\" data-name=\"ciudad\"><input size=\"40\" maxlength=\"400\" class=\"wpcf7-form-control wpcf7-text wpcf7-validates-as-required\" aria-required=\"true\" aria-invalid=\"false\" value=\"\" type=\"text\" name=\"ciudad\" \/><\/span><\/label>\n\t<\/p>\n\t<p><label>\u00bfCu\u00e1nto deseas invertir? <span class=\"ast\">*<\/span><br \/>\n<span class=\"wpcf7-form-control-wrap\" data-name=\"inversion\"><select class=\"wpcf7-form-control wpcf7-select wpcf7-validates-as-required\" aria-required=\"true\" aria-invalid=\"false\" name=\"inversion\"><option value=\"\">Por favor, seleccione una opci\u00f3n<\/option><option value=\"De $250,000 a $500,000\">De $250,000 a $500,000<\/option><option value=\"De $500,000 a $1&#039;000,000\">De $500,000 a $1&#039;000,000<\/option><option value=\"Hasta $1&#039;500,000\">Hasta $1&#039;500,000<\/option><option value=\"Hasta $2&#039;000,000\">Hasta $2&#039;000,000<\/option><option value=\"Hasta $3&#039;000,000\">Hasta $3&#039;000,000<\/option><option value=\"Hasta $5&#039;000,000\">Hasta $5&#039;000,000<\/option><option value=\"M\u00e1s de $5&#039;000,000\">M\u00e1s de $5&#039;000,000<\/option><\/select><\/span><\/label>\n\t<\/p>\n\t<p><label>\u00bfCu\u00e1l es la raz\u00f3n por la que gustar\u00eda comprar el terreno? <span class=\"ast\">*<\/span><br \/>\n<span class=\"wpcf7-form-control-wrap\" data-name=\"razon\"><select class=\"wpcf7-form-control wpcf7-select wpcf7-validates-as-required\" aria-required=\"true\" aria-invalid=\"false\" name=\"razon\"><option value=\"\">Por favor, seleccione una opci\u00f3n<\/option><option value=\"Quiero construir mi casa\">Quiero construir mi casa<\/option><option value=\"Quiero invertir mi dinero y obtener plusval\u00eda\">Quiero invertir mi dinero y obtener plusval\u00eda<\/option><option value=\"Quiero construir casas para vender\">Quiero construir casas para vender<\/option><option value=\"Soy broker\">Soy broker<\/option><\/select><\/span><\/label>\n\t<\/p>\n\t<p><label>\u00bfCu\u00e1ndo deseas realizar la compra? <span class=\"ast\">*<\/span><br \/>\n<span class=\"wpcf7-form-control-wrap\" data-name=\"compra\"><select class=\"wpcf7-form-control wpcf7-select wpcf7-validates-as-required\" aria-required=\"true\" aria-invalid=\"false\" name=\"compra\"><option value=\"\">Por favor, seleccione una opci\u00f3n<\/option><option value=\"Pr\u00f3ximos 3 meses\">Pr\u00f3ximos 3 meses<\/option><option value=\"Pr\u00f3ximos 6 meses\">Pr\u00f3ximos 6 meses<\/option><option value=\"M\u00e1s de 6 meses\">M\u00e1s de 6 meses<\/option><\/select><\/span><\/label>\n\t<\/p>\n\t<p><label> Mensaje<br \/>\n<span class=\"wpcf7-form-control-wrap\" data-name=\"your-message\"><textarea cols=\"40\" rows=\"3\" maxlength=\"2000\" class=\"wpcf7-form-control wpcf7-textarea\" aria-invalid=\"false\" name=\"your-message\"><\/textarea><\/span> <\/label>\n\t<\/p>\n\t<p><input class=\"wpcf7-form-control wpcf7-submit has-spinner\" type=\"submit\" value=\"Enviar\" \/>\n\t<\/p>\n<\/div><input type='hidden' class='wpcf7-pum' value='{\"closepopup\":false,\"closedelay\":0,\"openpopup\":false,\"openpopup_id\":0}' \/><div class=\"wpcf7-response-output\" aria-hidden=\"true\"><\/div>\n<\/form>\n<\/div>\n<\/div>\n\n\n\n<script type=\"text\/javascript\" src=\"https:\/\/api.clientify.net\/web-marketing\/webforms\/external\/script\/112350.js\"><\/script>\n<\/div>\n<\/div>\n<\/div><\/div>\n<\/div><\/div>\n","protected":false},"excerpt":{"rendered":"<p>Invierte en un lugar lleno de vida Mirova es un lugar rodeado de vida, donde la naturaleza transforma tu inversi\u00f3n en un brillante futuro. Lotes desde 500 m2Precios desde $1,490 pesos el metro cuadrado TOTALMENTE LISTOS PARA CONSTRUIR Master Plan Ubicaci\u00f3n Posee una ubicaci\u00f3n privilegiada, al encontrarse sobre avenida que conecta con uno de los [&hellip;]<\/p>\n","protected":false},"author":1,"featured_media":0,"parent":0,"menu_order":0,"comment_status":"closed","ping_status":"open","template":"","meta":{"_uag_custom_page_level_css":"","_joinchat":[],"footnotes":"","_links_to":"","_links_to_target":""},"class_list":["post-2","page","type-page","status-publish","hentry"],"yoast_head":"<!-- This site is optimized with the Yoast SEO plugin v25.4 - https:\/\/yoast.com\/wordpress\/plugins\/seo\/ -->\n<title>Mirova - Terrenos residenciales en M\u00e9rida<\/title>\n<meta name=\"description\" content=\"Lotes desde 500 m2 totalmente listos para construir.\" \/>\n<meta name=\"robots\" content=\"index, follow, max-snippet:-1, max-image-preview:large, max-video-preview:-1\" \/>\n<link rel=\"canonical\" href=\"https:\/\/tecadesarrollos.com\/mirova\/\" \/>\n<meta property=\"og:locale\" content=\"es_MX\" \/>\n<meta property=\"og:type\" content=\"article\" \/>\n<meta property=\"og:title\" content=\"Mirova - Terrenos residenciales en M\u00e9rida\" \/>\n<meta property=\"og:description\" content=\"Lotes desde 500 m2 totalmente listos para construir.\" \/>\n<meta property=\"og:url\" content=\"https:\/\/tecadesarrollos.com\/mirova\/\" \/>\n<meta property=\"og:site_name\" content=\"Mirova\" \/>\n<meta property=\"article:modified_time\" content=\"2023-01-30T20:25:34+00:00\" \/>\n<meta property=\"og:image\" content=\"https:\/\/tecadesarrollos.com\/mirova\/wp-content\/uploads\/sites\/6\/2020\/03\/hero.jpg\" \/>\n<meta name=\"twitter:card\" content=\"summary_large_image\" \/>\n<meta name=\"twitter:label1\" content=\"Tiempo de lectura\" \/>\n\t<meta name=\"twitter:data1\" content=\"2 minutos\" \/>\n<script type=\"application\/ld+json\" class=\"yoast-schema-graph\">{\"@context\":\"https:\/\/schema.org\",\"@graph\":[{\"@type\":\"WebPage\",\"@id\":\"https:\/\/tecadesarrollos.com\/mirova\/\",\"url\":\"https:\/\/tecadesarrollos.com\/mirova\/\",\"name\":\"Mirova - Terrenos residenciales en M\u00e9rida\",\"isPartOf\":{\"@id\":\"https:\/\/tecadesarrollos.com\/mirova\/#website\"},\"primaryImageOfPage\":{\"@id\":\"https:\/\/tecadesarrollos.com\/mirova\/#primaryimage\"},\"image\":{\"@id\":\"https:\/\/tecadesarrollos.com\/mirova\/#primaryimage\"},\"thumbnailUrl\":\"https:\/\/tecadesarrollos.com\/mirova\/wp-content\/uploads\/sites\/6\/2020\/03\/hero.jpg\",\"datePublished\":\"2020-03-09T21:06:50+00:00\",\"dateModified\":\"2023-01-30T20:25:34+00:00\",\"description\":\"Lotes desde 500 m2 totalmente listos para construir.\",\"breadcrumb\":{\"@id\":\"https:\/\/tecadesarrollos.com\/mirova\/#breadcrumb\"},\"inLanguage\":\"es\",\"potentialAction\":[{\"@type\":\"ReadAction\",\"target\":[\"https:\/\/tecadesarrollos.com\/mirova\/\"]}]},{\"@type\":\"ImageObject\",\"inLanguage\":\"es\",\"@id\":\"https:\/\/tecadesarrollos.com\/mirova\/#primaryimage\",\"url\":\"https:\/\/tecadesarrollos.com\/mirova\/wp-content\/uploads\/sites\/6\/2020\/03\/hero.jpg\",\"contentUrl\":\"https:\/\/tecadesarrollos.com\/mirova\/wp-content\/uploads\/sites\/6\/2020\/03\/hero.jpg\",\"width\":1504,\"height\":1000},{\"@type\":\"BreadcrumbList\",\"@id\":\"https:\/\/tecadesarrollos.com\/mirova\/#breadcrumb\",\"itemListElement\":[{\"@type\":\"ListItem\",\"position\":1,\"name\":\"Inicio\",\"item\":\"https:\/\/tecadesarrollos.com\/mirova\/\"},{\"@type\":\"ListItem\",\"position\":2,\"name\":\"Inicio\"}]},{\"@type\":\"WebSite\",\"@id\":\"https:\/\/tecadesarrollos.com\/mirova\/#website\",\"url\":\"https:\/\/tecadesarrollos.com\/mirova\/\",\"name\":\"Mirova\",\"description\":\"Terrenos residenciales en M\u00e9rida\",\"potentialAction\":[{\"@type\":\"SearchAction\",\"target\":{\"@type\":\"EntryPoint\",\"urlTemplate\":\"https:\/\/tecadesarrollos.com\/mirova\/?s={search_term_string}\"},\"query-input\":{\"@type\":\"PropertyValueSpecification\",\"valueRequired\":true,\"valueName\":\"search_term_string\"}}],\"inLanguage\":\"es\"}]}<\/script>\n<!-- \/ Yoast SEO plugin. -->","yoast_head_json":{"title":"Mirova - Terrenos residenciales en M\u00e9rida","description":"Lotes desde 500 m2 totalmente listos para construir.","robots":{"index":"index","follow":"follow","max-snippet":"max-snippet:-1","max-image-preview":"max-image-preview:large","max-video-preview":"max-video-preview:-1"},"canonical":"https:\/\/tecadesarrollos.com\/mirova\/","og_locale":"es_MX","og_type":"article","og_title":"Mirova - Terrenos residenciales en M\u00e9rida","og_description":"Lotes desde 500 m2 totalmente listos para construir.","og_url":"https:\/\/tecadesarrollos.com\/mirova\/","og_site_name":"Mirova","article_modified_time":"2023-01-30T20:25:34+00:00","og_image":[{"url":"https:\/\/tecadesarrollos.com\/mirova\/wp-content\/uploads\/sites\/6\/2020\/03\/hero.jpg","type":"","width":"","height":""}],"twitter_card":"summary_large_image","twitter_misc":{"Tiempo de lectura":"2 minutos"},"schema":{"@context":"https:\/\/schema.org","@graph":[{"@type":"WebPage","@id":"https:\/\/tecadesarrollos.com\/mirova\/","url":"https:\/\/tecadesarrollos.com\/mirova\/","name":"Mirova - Terrenos residenciales en M\u00e9rida","isPartOf":{"@id":"https:\/\/tecadesarrollos.com\/mirova\/#website"},"primaryImageOfPage":{"@id":"https:\/\/tecadesarrollos.com\/mirova\/#primaryimage"},"image":{"@id":"https:\/\/tecadesarrollos.com\/mirova\/#primaryimage"},"thumbnailUrl":"https:\/\/tecadesarrollos.com\/mirova\/wp-content\/uploads\/sites\/6\/2020\/03\/hero.jpg","datePublished":"2020-03-09T21:06:50+00:00","dateModified":"2023-01-30T20:25:34+00:00","description":"Lotes desde 500 m2 totalmente listos para construir.","breadcrumb":{"@id":"https:\/\/tecadesarrollos.com\/mirova\/#breadcrumb"},"inLanguage":"es","potentialAction":[{"@type":"ReadAction","target":["https:\/\/tecadesarrollos.com\/mirova\/"]}]},{"@type":"ImageObject","inLanguage":"es","@id":"https:\/\/tecadesarrollos.com\/mirova\/#primaryimage","url":"https:\/\/tecadesarrollos.com\/mirova\/wp-content\/uploads\/sites\/6\/2020\/03\/hero.jpg","contentUrl":"https:\/\/tecadesarrollos.com\/mirova\/wp-content\/uploads\/sites\/6\/2020\/03\/hero.jpg","width":1504,"height":1000},{"@type":"BreadcrumbList","@id":"https:\/\/tecadesarrollos.com\/mirova\/#breadcrumb","itemListElement":[{"@type":"ListItem","position":1,"name":"Inicio","item":"https:\/\/tecadesarrollos.com\/mirova\/"},{"@type":"ListItem","position":2,"name":"Inicio"}]},{"@type":"WebSite","@id":"https:\/\/tecadesarrollos.com\/mirova\/#website","url":"https:\/\/tecadesarrollos.com\/mirova\/","name":"Mirova","description":"Terrenos residenciales en M\u00e9rida","potentialAction":[{"@type":"SearchAction","target":{"@type":"EntryPoint","urlTemplate":"https:\/\/tecadesarrollos.com\/mirova\/?s={search_term_string}"},"query-input":{"@type":"PropertyValueSpecification","valueRequired":true,"valueName":"search_term_string"}}],"inLanguage":"es"}]}},"uagb_featured_image_src":{"full":false,"thumbnail":false,"medium":false,"medium_large":false,"large":false,"1536x1536":false,"2048x2048":false},"uagb_author_info":{"display_name":"inboundmetrica","author_link":"https:\/\/tecadesarrollos.com\/mirova\/author\/inboundmetrica\/"},"uagb_comment_info":1,"uagb_excerpt":"Invierte en un lugar lleno de vida Mirova es un lugar rodeado de vida, donde la naturaleza transforma tu inversi\u00f3n en un brillante futuro. Lotes desde 500 m2Precios desde $1,490 pesos el metro cuadrado TOTALMENTE LISTOS PARA CONSTRUIR Master Plan Ubicaci\u00f3n Posee una ubicaci\u00f3n privilegiada, al encontrarse sobre avenida que conecta con uno de los&hellip;","_links":{"self":[{"href":"https:\/\/tecadesarrollos.com\/mirova\/wp-json\/wp\/v2\/pages\/2","targetHints":{"allow":["GET"]}}],"collection":[{"href":"https:\/\/tecadesarrollos.com\/mirova\/wp-json\/wp\/v2\/pages"}],"about":[{"href":"https:\/\/tecadesarrollos.com\/mirova\/wp-json\/wp\/v2\/types\/page"}],"author":[{"embeddable":true,"href":"https:\/\/tecadesarrollos.com\/mirova\/wp-json\/wp\/v2\/users\/1"}],"replies":[{"embeddable":true,"href":"https:\/\/tecadesarrollos.com\/mirova\/wp-json\/wp\/v2\/comments?post=2"}],"version-history":[{"count":51,"href":"https:\/\/tecadesarrollos.com\/mirova\/wp-json\/wp\/v2\/pages\/2\/revisions"}],"predecessor-version":[{"id":72,"href":"https:\/\/tecadesarrollos.com\/mirova\/wp-json\/wp\/v2\/pages\/2\/revisions\/72"}],"wp:attachment":[{"href":"https:\/\/tecadesarrollos.com\/mirova\/wp-json\/wp\/v2\/media?parent=2"}],"curies":[{"name":"wp","href":"https:\/\/api.w.org\/{rel}","templated":true}]}}