{"id":30,"date":"2020-02-21T00:08:41","date_gmt":"2020-02-21T00:08:41","guid":{"rendered":"http:\/\/tecadesarrollos.com\/zendera\/?page_id=30"},"modified":"2025-10-22T20:52:18","modified_gmt":"2025-10-22T20:52:18","slug":"contacto","status":"publish","type":"page","link":"https:\/\/tecadesarrollos.com\/zendera\/contacto\/","title":{"rendered":"Contacto"},"content":{"rendered":"\n<div class=\"wp-block-cover is-light\"><img decoding=\"async\" width=\"1296\" height=\"864\" class=\"wp-block-cover__image-background wp-image-299\" alt=\"\" src=\"https:\/\/tecadesarrollos.com\/zendera\/wp-content\/uploads\/sites\/3\/2020\/04\/parque-1.jpg\" data-object-fit=\"cover\" srcset=\"https:\/\/tecadesarrollos.com\/zendera\/wp-content\/uploads\/sites\/3\/2020\/04\/parque-1.jpg 1296w, https:\/\/tecadesarrollos.com\/zendera\/wp-content\/uploads\/sites\/3\/2020\/04\/parque-1-300x200.jpg 300w, https:\/\/tecadesarrollos.com\/zendera\/wp-content\/uploads\/sites\/3\/2020\/04\/parque-1-1024x683.jpg 1024w, https:\/\/tecadesarrollos.com\/zendera\/wp-content\/uploads\/sites\/3\/2020\/04\/parque-1-768x512.jpg 768w\" sizes=\"(max-width: 1296px) 100vw, 1296px\" \/><span aria-hidden=\"true\" class=\"wp-block-cover__background has-background-dim\"><\/span><div class=\"wp-block-cover__inner-container is-layout-flow wp-block-cover-is-layout-flow\">\n<h2 class=\"wp-block-heading has-text-align-center h2\">Cont\u00e1ctanos<\/h2>\n\n\n\n<p class=\"has-text-align-center h5\">Solicita m\u00e1s informaci\u00f3n o agenda un recorrido por Zendera<\/p>\n<\/div><\/div>\n\n\n\n<div class=\"wp-block-group seccion\"><div class=\"wp-block-group__inner-container is-layout-flow wp-block-group-is-layout-flow\">\n<div class=\"wp-block-group container\"><div class=\"wp-block-group__inner-container is-layout-flow wp-block-group-is-layout-flow\">\n<div class=\"wp-block-columns is-layout-flex wp-container-core-columns-is-layout-9d6595d7 wp-block-columns-is-layout-flex\">\n<div class=\"wp-block-column is-layout-flow wp-block-column-is-layout-flow\"><div class=\"wp-block-image\">\n<figure class=\"aligncenter size-large is-resized\"><img decoding=\"async\" width=\"300\" height=\"144\" src=\"https:\/\/tecadesarrollos.com\/zendera\/wp-content\/uploads\/sites\/3\/2020\/02\/logo.png\" alt=\"\" class=\"wp-image-221\" style=\"width:150px;height:72px\"\/><\/figure><\/div>\n\n\n<p class=\"has-text-align-center\"><span style=\"color:#354555\" class=\"has-inline-color\">TEL\u00c9FONO<\/span><br>Tel. (999) 941 6271<br><br><span style=\"color:#354555\" class=\"has-inline-color\">DIRECCI\u00d3N<\/span><br>Calle 48 x 33 y 35<br>\nBenito Ju\u00e1rez Nte, 97119<br>\nM\u00e9rida, Yucat\u00e1n, M\u00e9xico<br><br><span style=\"color:#354555\" class=\"has-inline-color\">CORREO<\/span><br>info@tecadesarrollos.com<\/p>\n<\/div>\n\n\n\n<div class=\"wp-block-column is-layout-flow wp-block-column-is-layout-flow\">\n<h2 class=\"wp-block-heading has-text-align-center h2\">\u00bfQuieres que nos pongamos en contacto contigo?<\/h2>\n\n\n\n<p class=\"has-text-align-center\">Rellena el formulario y uno de nuestros asesores se pondr\u00e1 en contacto contigo.<\/p>\n\n\n\n<script data-b24-form=\"inline\/7\/z727ul\" data-skip-moving=\"true\">(function(w,d,u){var s=d.createElement('script');s.async=true;s.src=u+'?'+(Date.now()\/180000|0);var h=d.getElementsByTagName('script')[0];h.parentNode.insertBefore(s,h);})(window,document,'https:\/\/cdn.bitrix24.mx\/b35464295\/crm\/form\/loader_7.js');<\/script>\n<\/div>\n<\/div>\n<\/div><\/div>\n<\/div><\/div>\n","protected":false},"excerpt":{"rendered":"<p>TEL\u00c9FONOTel. (999) 941 6271 DIRECCI\u00d3NCalle 48 x 33 y 35 Benito Ju\u00e1rez Nte, 97119 M\u00e9rida, Yucat\u00e1n, M\u00e9xico CORREOinfo@tecadesarrollos.com \u00bfQuieres que nos pongamos en contacto contigo? Rellena el formulario y uno de nuestros asesores se pondr\u00e1 en contacto contigo.<\/p>\n","protected":false},"author":1,"featured_media":0,"parent":0,"menu_order":0,"comment_status":"closed","ping_status":"closed","template":"","meta":{"_uag_custom_page_level_css":"","_joinchat":[],"footnotes":"","_links_to":"","_links_to_target":""},"class_list":["post-30","page","type-page","status-publish","hentry"],"yoast_head":"<!-- This site is optimized with the Yoast SEO plugin v25.4 - https:\/\/yoast.com\/wordpress\/plugins\/seo\/ -->\n<title>Contacto - Zendera<\/title>\n<meta name=\"robots\" content=\"index, follow, max-snippet:-1, max-image-preview:large, max-video-preview:-1\" \/>\n<link rel=\"canonical\" href=\"https:\/\/tecadesarrollos.com\/zendera\/contacto\/\" \/>\n<meta property=\"og:locale\" content=\"es_MX\" \/>\n<meta property=\"og:type\" content=\"article\" \/>\n<meta property=\"og:title\" content=\"Contacto - Zendera\" \/>\n<meta property=\"og:description\" content=\"TEL\u00c9FONOTel. (999) 941 6271 DIRECCI\u00d3NCalle 48 x 33 y 35 Benito Ju\u00e1rez Nte, 97119 M\u00e9rida, Yucat\u00e1n, M\u00e9xico CORREOinfo@tecadesarrollos.com \u00bfQuieres que nos pongamos en contacto contigo? Rellena el formulario y uno de nuestros asesores se pondr\u00e1 en contacto contigo.\" \/>\n<meta property=\"og:url\" content=\"https:\/\/tecadesarrollos.com\/zendera\/contacto\/\" \/>\n<meta property=\"og:site_name\" content=\"Zendera\" \/>\n<meta property=\"article:modified_time\" content=\"2025-10-22T20:52:18+00:00\" \/>\n<meta property=\"og:image\" content=\"https:\/\/tecadesarrollos.com\/zendera\/wp-content\/uploads\/sites\/3\/2020\/04\/parque-1.jpg\" \/>\n\t<meta property=\"og:image:width\" content=\"1296\" \/>\n\t<meta property=\"og:image:height\" content=\"864\" \/>\n\t<meta property=\"og:image:type\" content=\"image\/jpeg\" \/>\n<meta name=\"twitter:card\" content=\"summary_large_image\" \/>\n<meta name=\"twitter:label1\" content=\"Tiempo de lectura\" \/>\n\t<meta name=\"twitter:data1\" content=\"1 minuto\" \/>\n<script type=\"application\/ld+json\" class=\"yoast-schema-graph\">{\"@context\":\"https:\/\/schema.org\",\"@graph\":[{\"@type\":\"WebPage\",\"@id\":\"https:\/\/tecadesarrollos.com\/zendera\/contacto\/\",\"url\":\"https:\/\/tecadesarrollos.com\/zendera\/contacto\/\",\"name\":\"Contacto - Zendera\",\"isPartOf\":{\"@id\":\"https:\/\/tecadesarrollos.com\/zendera\/#website\"},\"primaryImageOfPage\":{\"@id\":\"https:\/\/tecadesarrollos.com\/zendera\/contacto\/#primaryimage\"},\"image\":{\"@id\":\"https:\/\/tecadesarrollos.com\/zendera\/contacto\/#primaryimage\"},\"thumbnailUrl\":\"https:\/\/tecadesarrollos.com\/zendera\/wp-content\/uploads\/sites\/3\/2020\/04\/parque-1.jpg\",\"datePublished\":\"2020-02-21T00:08:41+00:00\",\"dateModified\":\"2025-10-22T20:52:18+00:00\",\"breadcrumb\":{\"@id\":\"https:\/\/tecadesarrollos.com\/zendera\/contacto\/#breadcrumb\"},\"inLanguage\":\"es\",\"potentialAction\":[{\"@type\":\"ReadAction\",\"target\":[\"https:\/\/tecadesarrollos.com\/zendera\/contacto\/\"]}]},{\"@type\":\"ImageObject\",\"inLanguage\":\"es\",\"@id\":\"https:\/\/tecadesarrollos.com\/zendera\/contacto\/#primaryimage\",\"url\":\"https:\/\/tecadesarrollos.com\/zendera\/wp-content\/uploads\/sites\/3\/2020\/04\/parque-1.jpg\",\"contentUrl\":\"https:\/\/tecadesarrollos.com\/zendera\/wp-content\/uploads\/sites\/3\/2020\/04\/parque-1.jpg\",\"width\":1296,\"height\":864,\"caption\":\"Parques infantiles\"},{\"@type\":\"BreadcrumbList\",\"@id\":\"https:\/\/tecadesarrollos.com\/zendera\/contacto\/#breadcrumb\",\"itemListElement\":[{\"@type\":\"ListItem\",\"position\":1,\"name\":\"Inicio\",\"item\":\"https:\/\/tecadesarrollos.com\/zendera\/\"},{\"@type\":\"ListItem\",\"position\":2,\"name\":\"Contacto\"}]},{\"@type\":\"WebSite\",\"@id\":\"https:\/\/tecadesarrollos.com\/zendera\/#website\",\"url\":\"https:\/\/tecadesarrollos.com\/zendera\/\",\"name\":\"Zendera\",\"description\":\"Terrenos residenciales en M\u00e9rida\",\"potentialAction\":[{\"@type\":\"SearchAction\",\"target\":{\"@type\":\"EntryPoint\",\"urlTemplate\":\"https:\/\/tecadesarrollos.com\/zendera\/?s={search_term_string}\"},\"query-input\":{\"@type\":\"PropertyValueSpecification\",\"valueRequired\":true,\"valueName\":\"search_term_string\"}}],\"inLanguage\":\"es\"}]}<\/script>\n<!-- \/ Yoast SEO plugin. -->","yoast_head_json":{"title":"Contacto - Zendera","robots":{"index":"index","follow":"follow","max-snippet":"max-snippet:-1","max-image-preview":"max-image-preview:large","max-video-preview":"max-video-preview:-1"},"canonical":"https:\/\/tecadesarrollos.com\/zendera\/contacto\/","og_locale":"es_MX","og_type":"article","og_title":"Contacto - Zendera","og_description":"TEL\u00c9FONOTel. (999) 941 6271 DIRECCI\u00d3NCalle 48 x 33 y 35 Benito Ju\u00e1rez Nte, 97119 M\u00e9rida, Yucat\u00e1n, M\u00e9xico CORREOinfo@tecadesarrollos.com \u00bfQuieres que nos pongamos en contacto contigo? Rellena el formulario y uno de nuestros asesores se pondr\u00e1 en contacto contigo.","og_url":"https:\/\/tecadesarrollos.com\/zendera\/contacto\/","og_site_name":"Zendera","article_modified_time":"2025-10-22T20:52:18+00:00","og_image":[{"width":1296,"height":864,"url":"https:\/\/tecadesarrollos.com\/zendera\/wp-content\/uploads\/sites\/3\/2020\/04\/parque-1.jpg","type":"image\/jpeg"}],"twitter_card":"summary_large_image","twitter_misc":{"Tiempo de lectura":"1 minuto"},"schema":{"@context":"https:\/\/schema.org","@graph":[{"@type":"WebPage","@id":"https:\/\/tecadesarrollos.com\/zendera\/contacto\/","url":"https:\/\/tecadesarrollos.com\/zendera\/contacto\/","name":"Contacto - Zendera","isPartOf":{"@id":"https:\/\/tecadesarrollos.com\/zendera\/#website"},"primaryImageOfPage":{"@id":"https:\/\/tecadesarrollos.com\/zendera\/contacto\/#primaryimage"},"image":{"@id":"https:\/\/tecadesarrollos.com\/zendera\/contacto\/#primaryimage"},"thumbnailUrl":"https:\/\/tecadesarrollos.com\/zendera\/wp-content\/uploads\/sites\/3\/2020\/04\/parque-1.jpg","datePublished":"2020-02-21T00:08:41+00:00","dateModified":"2025-10-22T20:52:18+00:00","breadcrumb":{"@id":"https:\/\/tecadesarrollos.com\/zendera\/contacto\/#breadcrumb"},"inLanguage":"es","potentialAction":[{"@type":"ReadAction","target":["https:\/\/tecadesarrollos.com\/zendera\/contacto\/"]}]},{"@type":"ImageObject","inLanguage":"es","@id":"https:\/\/tecadesarrollos.com\/zendera\/contacto\/#primaryimage","url":"https:\/\/tecadesarrollos.com\/zendera\/wp-content\/uploads\/sites\/3\/2020\/04\/parque-1.jpg","contentUrl":"https:\/\/tecadesarrollos.com\/zendera\/wp-content\/uploads\/sites\/3\/2020\/04\/parque-1.jpg","width":1296,"height":864,"caption":"Parques infantiles"},{"@type":"BreadcrumbList","@id":"https:\/\/tecadesarrollos.com\/zendera\/contacto\/#breadcrumb","itemListElement":[{"@type":"ListItem","position":1,"name":"Inicio","item":"https:\/\/tecadesarrollos.com\/zendera\/"},{"@type":"ListItem","position":2,"name":"Contacto"}]},{"@type":"WebSite","@id":"https:\/\/tecadesarrollos.com\/zendera\/#website","url":"https:\/\/tecadesarrollos.com\/zendera\/","name":"Zendera","description":"Terrenos residenciales en M\u00e9rida","potentialAction":[{"@type":"SearchAction","target":{"@type":"EntryPoint","urlTemplate":"https:\/\/tecadesarrollos.com\/zendera\/?s={search_term_string}"},"query-input":{"@type":"PropertyValueSpecification","valueRequired":true,"valueName":"search_term_string"}}],"inLanguage":"es"}]}},"uagb_featured_image_src":{"full":false,"thumbnail":false,"medium":false,"medium_large":false,"large":false,"1536x1536":false,"2048x2048":false},"uagb_author_info":{"display_name":"inboundmetrica","author_link":"https:\/\/tecadesarrollos.com\/zendera\/author\/inboundmetrica\/"},"uagb_comment_info":0,"uagb_excerpt":"TEL\u00c9FONOTel. (999) 941 6271 DIRECCI\u00d3NCalle 48 x 33 y 35 Benito Ju\u00e1rez Nte, 97119 M\u00e9rida, Yucat\u00e1n, M\u00e9xico CORREOinfo@tecadesarrollos.com \u00bfQuieres que nos pongamos en contacto contigo? Rellena el formulario y uno de nuestros asesores se pondr\u00e1 en contacto contigo.","_links":{"self":[{"href":"https:\/\/tecadesarrollos.com\/zendera\/wp-json\/wp\/v2\/pages\/30","targetHints":{"allow":["GET"]}}],"collection":[{"href":"https:\/\/tecadesarrollos.com\/zendera\/wp-json\/wp\/v2\/pages"}],"about":[{"href":"https:\/\/tecadesarrollos.com\/zendera\/wp-json\/wp\/v2\/types\/page"}],"author":[{"embeddable":true,"href":"https:\/\/tecadesarrollos.com\/zendera\/wp-json\/wp\/v2\/users\/1"}],"replies":[{"embeddable":true,"href":"https:\/\/tecadesarrollos.com\/zendera\/wp-json\/wp\/v2\/comments?post=30"}],"version-history":[{"count":13,"href":"https:\/\/tecadesarrollos.com\/zendera\/wp-json\/wp\/v2\/pages\/30\/revisions"}],"predecessor-version":[{"id":700,"href":"https:\/\/tecadesarrollos.com\/zendera\/wp-json\/wp\/v2\/pages\/30\/revisions\/700"}],"wp:attachment":[{"href":"https:\/\/tecadesarrollos.com\/zendera\/wp-json\/wp\/v2\/media?parent=30"}],"curies":[{"name":"wp","href":"https:\/\/api.w.org\/{rel}","templated":true}]}}